{"id":10,"date":"2013-02-19T22:36:17","date_gmt":"2013-02-19T21:36:17","guid":{"rendered":"http:\/\/andalucialegal.com\/?page_id=10"},"modified":"2013-03-24T19:58:24","modified_gmt":"2013-03-24T18:58:24","slug":"derecho-civil","status":"publish","type":"page","link":"https:\/\/www.andalucialegal.com\/?page_id=10","title":{"rendered":"Derecho Civil"},"content":{"rendered":"<p>El equipo responsable de la rama civil, compuesto por profesionales con un alto grado de experiencia en la materia nos permite atender con solvencia los problemas que se pueden plantear en cada uno de sus \u00e1mbitos, desde el estrictamente familiar a cuestiones de propiedad, hereditario. En nuestro d\u00eda a d\u00eda, conocemos de los siguientes asuntos:<\/p>\n<ul>\n<li>Divorcios y Alimentos.<\/li>\n<li>Cuestiones Sucesorias.<\/li>\n<li>Accidentes Tr\u00e1fico.<\/li>\n<li>Obligaciones y Contratos.<\/li>\n<li>Negligencias Profesionales.<\/li>\n<li>Incapacitaciones.<\/li>\n<li>Tutelas &#8211; Adopciones Filiaciones<\/li>\n<li>Indemnizaciones.<\/li>\n<li>Embargos &#8211; Tr\u00e1mites Registrales.<\/li>\n<\/ul>\n<!-- AddThis Advanced Settings generic via filter on the_content --><!-- AddThis Share Buttons generic via filter on the_content -->","protected":false},"excerpt":{"rendered":"<p>El equipo responsable de la rama civil, compuesto por profesionales con un alto grado de experiencia en la materia nos permite atender con solvencia los problemas que se pueden plantear en cada uno de sus \u00e1mbitos, desde el estrictamente familiar a cuestiones de propiedad, hereditario. En nuestro d\u00eda a d\u00eda, conocemos de los siguientes asuntos: [&hellip;]<!-- AddThis Advanced Settings generic via filter on get_the_excerpt --><!-- AddThis Share Buttons generic via filter on get_the_excerpt --><\/p>\n","protected":false},"author":1,"featured_media":0,"parent":6,"menu_order":0,"comment_status":"closed","ping_status":"closed","template":"","meta":[],"_links":{"self":[{"href":"https:\/\/www.andalucialegal.com\/index.php?rest_route=\/wp\/v2\/pages\/10"}],"collection":[{"href":"https:\/\/www.andalucialegal.com\/index.php?rest_route=\/wp\/v2\/pages"}],"about":[{"href":"https:\/\/www.andalucialegal.com\/index.php?rest_route=\/wp\/v2\/types\/page"}],"author":[{"embeddable":true,"href":"https:\/\/www.andalucialegal.com\/index.php?rest_route=\/wp\/v2\/users\/1"}],"replies":[{"embeddable":true,"href":"https:\/\/www.andalucialegal.com\/index.php?rest_route=%2Fwp%2Fv2%2Fcomments&post=10"}],"version-history":[{"count":2,"href":"https:\/\/www.andalucialegal.com\/index.php?rest_route=\/wp\/v2\/pages\/10\/revisions"}],"predecessor-version":[{"id":157,"href":"https:\/\/www.andalucialegal.com\/index.php?rest_route=\/wp\/v2\/pages\/10\/revisions\/157"}],"up":[{"embeddable":true,"href":"https:\/\/www.andalucialegal.com\/index.php?rest_route=\/wp\/v2\/pages\/6"}],"wp:attachment":[{"href":"https:\/\/www.andalucialegal.com\/index.php?rest_route=%2Fwp%2Fv2%2Fmedia&parent=10"}],"curies":[{"name":"wp","href":"https:\/\/api.w.org\/{rel}","templated":true}]}}