{"id":25,"date":"2013-02-19T22:48:27","date_gmt":"2013-02-19T21:48:27","guid":{"rendered":"http:\/\/andalucialegal.com\/?page_id=25"},"modified":"2019-10-11T18:31:28","modified_gmt":"2019-10-11T16:31:28","slug":"contacto","status":"publish","type":"page","link":"https:\/\/www.andalucialegal.com\/?page_id=25","title":{"rendered":"Contacto"},"content":{"rendered":"<p style=\"text-align: right;\">Av. de Cervantes, 4, 6\u00ba3, 14008 C\u00f3rdoba, C\u00f3rdoba (Espa\u00f1a)<br \/>\nTlfn\/Fax: +34 957 490 507<br \/>\n<a href=\"mailto:garciamontoya@andalucialegal.com\" target=\"_blank\">garciamontoya@andalucialegal.com<\/a><\/p>\n<p style=\"text-align: right;\"><iframe loading=\"lazy\" src=\"https:\/\/maps.google.com\/maps?f=q&amp;source=s_q&amp;hl=es&amp;geocode=&amp;q=Avenida+de+Cervantes+4,+C%C3%B3rdoba&amp;aq=&amp;sll=37.888438,-4.7849&amp;sspn=0.008467,0.021136&amp;ie=UTF8&amp;hq=&amp;hnear=Av+de+Cervantes,+4,+14008+C%C3%B3rdoba&amp;ll=37.888436,-4.784911&amp;spn=0.008467,0.021136&amp;t=m&amp;z=14&amp;output=embed\" height=\"350\" width=\"425\" frameborder=\"0\" marginwidth=\"0\" marginheight=\"0\" scrolling=\"no\"><\/iframe><\/p>\n<!-- AddThis Advanced Settings generic via filter on the_content --><!-- AddThis Share Buttons generic via filter on the_content -->","protected":false},"excerpt":{"rendered":"<p>Av. de Cervantes, 4, 6\u00ba3, 14008 C\u00f3rdoba, C\u00f3rdoba (Espa\u00f1a) Tlfn\/Fax: +34 957 490 507 garciamontoya@andalucialegal.com<!-- AddThis Advanced Settings generic via filter on get_the_excerpt --><!-- AddThis Share Buttons generic via filter on get_the_excerpt --><\/p>\n","protected":false},"author":1,"featured_media":0,"parent":0,"menu_order":3,"comment_status":"closed","ping_status":"closed","template":"","meta":[],"_links":{"self":[{"href":"https:\/\/www.andalucialegal.com\/index.php?rest_route=\/wp\/v2\/pages\/25"}],"collection":[{"href":"https:\/\/www.andalucialegal.com\/index.php?rest_route=\/wp\/v2\/pages"}],"about":[{"href":"https:\/\/www.andalucialegal.com\/index.php?rest_route=\/wp\/v2\/types\/page"}],"author":[{"embeddable":true,"href":"https:\/\/www.andalucialegal.com\/index.php?rest_route=\/wp\/v2\/users\/1"}],"replies":[{"embeddable":true,"href":"https:\/\/www.andalucialegal.com\/index.php?rest_route=%2Fwp%2Fv2%2Fcomments&post=25"}],"version-history":[{"count":9,"href":"https:\/\/www.andalucialegal.com\/index.php?rest_route=\/wp\/v2\/pages\/25\/revisions"}],"predecessor-version":[{"id":1913,"href":"https:\/\/www.andalucialegal.com\/index.php?rest_route=\/wp\/v2\/pages\/25\/revisions\/1913"}],"wp:attachment":[{"href":"https:\/\/www.andalucialegal.com\/index.php?rest_route=%2Fwp%2Fv2%2Fmedia&parent=25"}],"curies":[{"name":"wp","href":"https:\/\/api.w.org\/{rel}","templated":true}]}}